{"id":1621,"date":"2021-08-09T16:32:14","date_gmt":"2021-08-09T16:32:14","guid":{"rendered":"https:\/\/jandjteams.com\/transpro\/?page_id=1621"},"modified":"2026-02-26T11:29:33","modified_gmt":"2026-02-26T11:29:33","slug":"nos-services","status":"publish","type":"page","link":"https:\/\/b-translation.sn\/index.php\/nos-services\/","title":{"rendered":"Nos services"},"content":{"rendered":"\t\t<div data-elementor-type=\"wp-page\" data-elementor-id=\"1621\" class=\"elementor elementor-1621\">\n\t\t\t\t\t\t<section class=\"elementor-section elementor-top-section elementor-element elementor-element-3bbd818 elementor-section-stretched jnj-light-color elementor-section-boxed elementor-section-height-default elementor-section-height-default\" data-id=\"3bbd818\" data-element_type=\"section\" data-e-type=\"section\" data-settings=\"{&quot;stretch_section&quot;:&quot;section-stretched&quot;,&quot;shape_divider_top&quot;:&quot;mountains&quot;}\">\n\t\t\t\t\t\t\t<div class=\"elementor-background-overlay\"><\/div>\n\t\t\t\t\t\t<div class=\"elementor-shape elementor-shape-top\" aria-hidden=\"true\" data-negative=\"false\">\n\t\t\t<svg xmlns=\"http:\/\/www.w3.org\/2000\/svg\" viewBox=\"0 0 1000 100\" preserveAspectRatio=\"none\">\n\t<path class=\"elementor-shape-fill\" opacity=\"0.33\" d=\"M473,67.3c-203.9,88.3-263.1-34-320.3,0C66,119.1,0,59.7,0,59.7V0h1000v59.7 c0,0-62.1,26.1-94.9,29.3c-32.8,3.3-62.8-12.3-75.8-22.1C806,49.6,745.3,8.7,694.9,4.7S492.4,59,473,67.3z\"\/>\n\t<path class=\"elementor-shape-fill\" opacity=\"0.66\" d=\"M734,67.3c-45.5,0-77.2-23.2-129.1-39.1c-28.6-8.7-150.3-10.1-254,39.1 s-91.7-34.4-149.2,0C115.7,118.3,0,39.8,0,39.8V0h1000v36.5c0,0-28.2-18.5-92.1-18.5C810.2,18.1,775.7,67.3,734,67.3z\"\/>\n\t<path class=\"elementor-shape-fill\" d=\"M766.1,28.9c-200-57.5-266,65.5-395.1,19.5C242,1.8,242,5.4,184.8,20.6C128,35.8,132.3,44.9,89.9,52.5C28.6,63.7,0,0,0,0 h1000c0,0-9.9,40.9-83.6,48.1S829.6,47,766.1,28.9z\"\/>\n<\/svg>\t\t<\/div>\n\t\t\t\t\t<div class=\"elementor-container elementor-column-gap-no\">\n\t\t\t\t\t<div class=\"elementor-column elementor-col-100 elementor-top-column elementor-element elementor-element-9455f7b jnj-transparent-color\" data-id=\"9455f7b\" data-element_type=\"column\" data-e-type=\"column\">\n\t\t\t<div class=\"elementor-widget-wrap elementor-element-populated\">\n\t\t\t\t<div class=\"elementor-element elementor-element-fe00843 e-flex e-con-boxed e-con e-parent\" data-id=\"fe00843\" data-element_type=\"container\" data-e-type=\"container\">\n\t\t\t\t\t<div class=\"e-con-inner\">\n\t\t\t\t<div class=\"elementor-element elementor-element-8ca8e81 elementor-widget elementor-widget-text-editor\" data-id=\"8ca8e81\" data-element_type=\"widget\" data-e-type=\"widget\" data-widget_type=\"text-editor.default\">\n\t\t\t\t\t\t\t\t\t<p><span style=\"color: #333333;\">Chez <span style=\"color: #1f3c88;\"><strong data-start=\"219\" data-end=\"236\">B-Translation<\/strong><\/span>, nous mettons notre expertise linguistique au service des particuliers, des entreprises et des institutions.<\/span><br data-start=\"345\" data-end=\"348\" \/><span style=\"color: #333333;\">Nous garantissons pr\u00e9cision, confidentialit\u00e9 et respect strict des d\u00e9lais.<\/span><\/p>\t\t\t\t\t\t\t\t<\/div>\n\t\t\t\t\t<\/div>\n\t\t\t\t<\/div>\n\t\t\t\t<div class=\"elementor-element elementor-element-53659ff elementor-widget elementor-widget-services\" data-id=\"53659ff\" data-element_type=\"widget\" data-e-type=\"widget\" data-widget_type=\"services.default\">\n\t\t\t\t<div class=\"elementor-widget-container\">\n\t\t\t\t\t\r\n<div class=\"jnj-service-item-1\">\r\n\r\n    <div class=\"row\">                    <div class=\"col-lg-4 col-md-6 col-sm-12\"> \r\n    <div class=\"jnj-service-area\">\r\n        <div class=\"jnj-service-inner\">\r\n            <div class=\"jnj-service-icon\">\r\n                <i aria-hidden=\"true\" class=\"feature-icon mdi mdi-flaticon flaticon flaticon-government\"><\/i>\r\n            <\/div>\r\n\r\n            <div class=\"jnj-service-heading\">                    <h3 class=\"jnj-service-title\">\r\n                        <a href=\"https:\/\/b-translation.sn\/index.php\/services\/9765\/\" >\r\n                            Traduction administrative                        <\/a>\r\n                    <\/h3>  \r\n\r\n            <\/div>\r\n\r\n            <div class=\"jnj-service-content\">\r\n                <p>relev\u00e9s de notes, dipl\u00f4mes, attestation de r\u00e9ussite, projet de<br \/>\nRecherche, m\u00e9moire, th\u00e8se.<\/p>\n            <\/div>\r\n        <\/div>\r\n    <\/div>     \r\n                <\/div>                     <div class=\"col-lg-4 col-md-6 col-sm-12\"> \r\n    <div class=\"jnj-service-area\">\r\n        <div class=\"jnj-service-inner\">\r\n            <div class=\"jnj-service-icon\">\r\n                <i aria-hidden=\"true\" class=\"feature-icon mdi mdi-flaticon flaticon flaticon-translation-1\"><\/i>\r\n            <\/div>\r\n\r\n            <div class=\"jnj-service-heading\">                    <h3 class=\"jnj-service-title\">\r\n                        <a href=\"https:\/\/b-translation.sn\/index.php\/services\/traduction-academique-2\/\" >\r\n                            Traduction acad\u00e9mique                        <\/a>\r\n                    <\/h3>  \r\n\r\n            <\/div>\r\n\r\n            <div class=\"jnj-service-content\">\r\n                <p>relev\u00e9s de notes, dipl\u00f4mes, attestation de r\u00e9ussite, projet de<br \/>\nRecherche, m\u00e9moire, th\u00e8se.<\/p>\n            <\/div>\r\n        <\/div>\r\n    <\/div>     \r\n                <\/div>                     <div class=\"col-lg-4 col-md-6 col-sm-12\"> \r\n    <div class=\"jnj-service-area\">\r\n        <div class=\"jnj-service-inner\">\r\n            <div class=\"jnj-service-icon\">\r\n                <i aria-hidden=\"true\" class=\"feature-icon mdi mdi-flaticon flaticon flaticon-translation\"><\/i>\r\n            <\/div>\r\n\r\n            <div class=\"jnj-service-heading\">                    <h3 class=\"jnj-service-title\">\r\n                        <a href=\"https:\/\/b-translation.sn\/index.php\/services\/traduction-litteraire-2\/\" >\r\n                            Traduction litt\u00e9raire                        <\/a>\r\n                    <\/h3>  \r\n\r\n            <\/div>\r\n\r\n            <div class=\"jnj-service-content\">\r\n                <p>Roman, Archives Universitaires, articles universitaires, ouvrages<br \/>\nd\u2019ordre g\u00e9n\u00e9ral, etc<\/p>\n            <\/div>\r\n        <\/div>\r\n    <\/div>     \r\n                <\/div>                     <div class=\"col-lg-4 col-md-6 col-sm-12\"> \r\n    <div class=\"jnj-service-area\">\r\n        <div class=\"jnj-service-inner\">\r\n            <div class=\"jnj-service-icon\">\r\n                <i aria-hidden=\"true\" class=\"feature-icon mdi mdi-flaticon flaticon flaticon-personal-information\"><\/i>\r\n            <\/div>\r\n\r\n            <div class=\"jnj-service-heading\">                    <h3 class=\"jnj-service-title\">\r\n                        <a href=\"https:\/\/b-translation.sn\/index.php\/services\/interpretariat\/\" >\r\n                            Interpr\u00e9tariat                        <\/a>\r\n                    <\/h3>  \r\n\r\n            <\/div>\r\n\r\n            <div class=\"jnj-service-content\">\r\n                <p>Conf\u00e9rence internationale, activit\u00e9s sur le terrain, intervention \u00e0 distance,<br \/>\netc. (Fran\u00e7ais, Arabe, Wolof)<\/p>\n            <\/div>\r\n        <\/div>\r\n    <\/div>     \r\n                <\/div> \r\n    <\/div>\r\n<\/div>\r\n      <script>\r\n        jQuery(document).ready(function() {\r\n          \/*++++++++++++++++++++++++++++++++++++++++++++++++++++++++\r\n          jnj owlCarousel\r\n          +++++++++++++++++++++++++++++++++++++++++++++++++++++++++*\/\r\n          jQuery('.jnj-owl').each(function() { \r\n              var jnj_owl = jQuery('.jnj-owl');\r\n              if (jnj_owl.length) {        \r\n                  var $jnj_carousel = jQuery(this);\r\n                  $jnj_carousel.owlCarousel({\r\n                      loop: $jnj_carousel.data(\"loop\"),\r\n                      margin: $jnj_carousel.data(\"margin\"),\r\n                      nav: $jnj_carousel.data(\"nav\"),\r\n                      dots: $jnj_carousel.data(\"dots\"),\r\n                      autoplay: $jnj_carousel.data(\"autoplay\"),\r\n                      items: $jnj_carousel.data(\"items\"),\r\n                      autoplayTimeout: $jnj_carousel.data(\"autoplay-timeout\"),\r\n                      responsiveClass: true,\r\n                      navText: [\r\n                          \"<i aria-hidden='true' class='feature-icon mdi mdi-flaticon flaticon-back'><\/i>\",\r\n                          \"<i aria-hidden='true' class='feature-icon mdi mdi-flaticon flaticon-right-arrow'><\/i>\"\r\n                      ],\r\n                      responsive: {\r\n                          0: { items: $jnj_carousel.data(\"items-mobile-sm\") },\r\n                          414: { items: $jnj_carousel.data(\"items-mobile\") },\r\n                          520: { items: $jnj_carousel.data(\"items-mobile\") },\r\n                          767: { items: $jnj_carousel.data(\"items-tab\") },\r\n                          768: { items: $jnj_carousel.data(\"items-tab\") },\r\n                          1010: { items: $jnj_carousel.data(\"items-laptop\") },\r\n                          1200: { items: $jnj_carousel.data(\"items\") },\r\n                          1920: { items: $jnj_carousel.data(\"items\") }\r\n                      }\r\n                  });  \r\n              }          \r\n          });\r\n        });\r\n      <\/script> \t\t\t\t<\/div>\n\t\t\t\t<\/div>\n\t\t\t\t\t<\/div>\n\t\t<\/div>\n\t\t\t\t\t<\/div>\n\t\t<\/section>\n\t\t\t\t<\/div>\n\t\t","protected":false},"excerpt":{"rendered":"<p>Chez B-Translation, nous mettons notre expertise linguistique au service des particuliers, des entreprises et des institutions.Nous garantissons pr\u00e9cision, confidentialit\u00e9 et respect strict des d\u00e9lais. Traduction administrative relev\u00e9s de notes, dipl\u00f4mes, attestation de r\u00e9ussite, projet de Recherche, m\u00e9moire, th\u00e8se. Traduction acad\u00e9mique relev\u00e9s de notes, dipl\u00f4mes, attestation de r\u00e9ussite, projet de Recherche, m\u00e9moire, th\u00e8se. Traduction litt\u00e9raire Roman, [&hellip;]<\/p>\n","protected":false},"author":1,"featured_media":0,"parent":0,"menu_order":0,"comment_status":"closed","ping_status":"closed","template":"elementor_header_footer","meta":{"_acf_changed":false,"om_disable_all_campaigns":false,"_monsterinsights_skip_tracking":false,"_monsterinsights_sitenote_active":false,"_monsterinsights_sitenote_note":"","_monsterinsights_sitenote_category":0,"footnotes":""},"class_list":["post-1621","page","type-page","status-publish","hentry"],"acf":[],"aioseo_notices":[],"_links":{"self":[{"href":"https:\/\/b-translation.sn\/index.php\/wp-json\/wp\/v2\/pages\/1621","targetHints":{"allow":["GET"]}}],"collection":[{"href":"https:\/\/b-translation.sn\/index.php\/wp-json\/wp\/v2\/pages"}],"about":[{"href":"https:\/\/b-translation.sn\/index.php\/wp-json\/wp\/v2\/types\/page"}],"author":[{"embeddable":true,"href":"https:\/\/b-translation.sn\/index.php\/wp-json\/wp\/v2\/users\/1"}],"replies":[{"embeddable":true,"href":"https:\/\/b-translation.sn\/index.php\/wp-json\/wp\/v2\/comments?post=1621"}],"version-history":[{"count":16,"href":"https:\/\/b-translation.sn\/index.php\/wp-json\/wp\/v2\/pages\/1621\/revisions"}],"predecessor-version":[{"id":9807,"href":"https:\/\/b-translation.sn\/index.php\/wp-json\/wp\/v2\/pages\/1621\/revisions\/9807"}],"wp:attachment":[{"href":"https:\/\/b-translation.sn\/index.php\/wp-json\/wp\/v2\/media?parent=1621"}],"curies":[{"name":"wp","href":"https:\/\/api.w.org\/{rel}","templated":true}]}}